{"id":595,"date":"2024-08-25T07:21:21","date_gmt":"2024-08-25T07:21:21","guid":{"rendered":"https:\/\/wp.dynamiclayers.net\/kidden-import\/?page_id=595"},"modified":"2025-08-12T18:39:48","modified_gmt":"2025-08-12T16:39:48","slug":"gallery","status":"publish","type":"page","link":"https:\/\/ludiloisirs.fr\/?page_id=595","title":{"rendered":"Catalogue jeux"},"content":{"rendered":"\t\t<div data-elementor-type=\"wp-page\" data-elementor-id=\"595\" class=\"elementor elementor-595\">\n\t\t\t\t<div class=\"elementor-element elementor-element-1b55301 e-flex e-con-boxed e-con e-parent\" data-id=\"1b55301\" data-element_type=\"container\">\n\t\t\t\t\t<div class=\"e-con-inner\">\n\t\t\t\t<div class=\"elementor-element elementor-element-2dc1b3c elementor-widget elementor-widget-kidden-image-gallery\" data-id=\"2dc1b3c\" data-element_type=\"widget\" data-widget_type=\"kidden-image-gallery.default\">\n\t\t\t\t<div class=\"elementor-widget-container\">\n\t\t\t\t\t        <div class=\"el-image-gallery\" data-settings=\"{&quot;rowHeight&quot;:&quot;300&quot;,&quot;maxRowHeight&quot;:300,&quot;maxRowsCount&quot;:0,&quot;margins&quot;:20,&quot;lastRow&quot;:&quot;justify&quot;,&quot;captions&quot;:false,&quot;randomize&quot;:true}\">\n        <a href=\"https:\/\/ludiloisirs.fr\/wp-content\/uploads\/2025\/08\/Capture-decran-2025-08-12-a-18.17.40.png\" data-elementor-open-lightbox=\"yes\" data-elementor-lightbox-slideshow=\"2dc1b3c\" data-elementor-lightbox-title=\"Catalogue jeux\"><img decoding=\"async\" src=\"https:\/\/ludiloisirs.fr\/wp-content\/uploads\/2025\/08\/Capture-decran-2025-08-12-a-18.17.40.png\" alt=\"Catalogue jeux\"><\/a><a href=\"https:\/\/ludiloisirs.fr\/wp-content\/uploads\/2025\/08\/skyjo-e1755015564365.webp\" data-elementor-open-lightbox=\"yes\" data-elementor-lightbox-slideshow=\"2dc1b3c\" data-elementor-lightbox-title=\"Catalogue jeux\"><img decoding=\"async\" src=\"https:\/\/ludiloisirs.fr\/wp-content\/uploads\/2025\/08\/skyjo-e1755015564365.webp\" alt=\"Catalogue jeux\"><\/a><a href=\"https:\/\/ludiloisirs.fr\/wp-content\/uploads\/2025\/08\/uno.webp\" data-elementor-open-lightbox=\"yes\" data-elementor-lightbox-slideshow=\"2dc1b3c\" data-elementor-lightbox-title=\"Catalogue jeux\"><img decoding=\"async\" src=\"https:\/\/ludiloisirs.fr\/wp-content\/uploads\/2025\/08\/uno.webp\" alt=\"Catalogue jeux\"><\/a><a href=\"https:\/\/ludiloisirs.fr\/wp-content\/uploads\/2025\/08\/7wonders.jpg\" data-elementor-open-lightbox=\"yes\" data-elementor-lightbox-slideshow=\"2dc1b3c\" data-elementor-lightbox-title=\"Catalogue jeux\"><img decoding=\"async\" src=\"https:\/\/ludiloisirs.fr\/wp-content\/uploads\/2025\/08\/7wonders.jpg\" alt=\"Catalogue jeux\"><\/a><a href=\"https:\/\/ludiloisirs.fr\/wp-content\/uploads\/2025\/08\/7wonders.jpg\" data-elementor-open-lightbox=\"yes\" data-elementor-lightbox-slideshow=\"2dc1b3c\" data-elementor-lightbox-title=\"Catalogue jeux\"><img decoding=\"async\" src=\"https:\/\/ludiloisirs.fr\/wp-content\/uploads\/2025\/08\/7wonders.jpg\" alt=\"Catalogue jeux\"><\/a><a href=\"https:\/\/ludiloisirs.fr\/wp-content\/uploads\/2025\/08\/unlock-background-min-768x508.jpg.webp\" data-elementor-open-lightbox=\"yes\" data-elementor-lightbox-slideshow=\"2dc1b3c\" data-elementor-lightbox-title=\"Catalogue jeux\"><img decoding=\"async\" src=\"https:\/\/ludiloisirs.fr\/wp-content\/uploads\/2025\/08\/unlock-background-min-768x508.jpg.webp\" alt=\"Catalogue jeux\"><\/a>        <\/div>\n        \t\t\t\t<\/div>\n\t\t\t\t<\/div>\n\t\t\t\t\t<\/div>\n\t\t\t\t<\/div>\n\t\t<div class=\"elementor-element elementor-element-8d256bb e-flex e-con-boxed e-con e-parent\" data-id=\"8d256bb\" data-element_type=\"container\">\n\t\t\t\t\t<div class=\"e-con-inner\">\n\t\t<div class=\"elementor-element elementor-element-490a16b e-con-full e-flex e-con e-child\" data-id=\"490a16b\" data-element_type=\"container\" data-settings=\"{&quot;background_background&quot;:&quot;classic&quot;,&quot;shape_divider_top&quot;:&quot;drops&quot;,&quot;shape_divider_top_negative&quot;:&quot;yes&quot;,&quot;shape_divider_bottom&quot;:&quot;drops&quot;}\">\n\t\t\t\t<div class=\"elementor-shape elementor-shape-top\" aria-hidden=\"true\" data-negative=\"true\">\n\t\t\t<svg xmlns=\"http:\/\/www.w3.org\/2000\/svg\" height=\"100%\" viewBox=\"0 0 283.5 27.8\" preserveAspectRatio=\"xMidYMax slice\">\n\t<path class=\"elementor-shape-fill\" d=\"M282.7 3.4c-2 3.8-2.2 6.6-1.8 10.8.3 3.3 2 8.5.4 11.6-1.4 2.6-4 2.5-5-.2-1.2-3.4.3-7.6.5-11.1.3-4.3-2.9-6.9-7.4-5.8-3.1.7-4.1 3.3-4.3 6.2-.2 2 1.2 8-.1 9.6-3.1 4.3-2.5-4.5-2.5-5.2.1-4-.1-9.6-4.1-11.6-4.5-2.3-6.1 1-5.5 5 .2 1.4 1.5 10.2-2.7 6.9-2.5-1.9.4-7.5-.9-10.3-.8-1.8-2.6-4.2-4.8-4.1-2.4.1-2.7 2.2-4 3.7-3.3 3.8-2.2-1.2-4.8-2.7-5.5-3.1-2 5.6-2.9 7.3-1.4 2.4-3.1.6-3.3-1.3-.1-1.5.5-3.1.4-4.6-.3-4.3-2.9-5.3-5.2-1.2-3.7 6.7-2.8-1.9-6.5-.4-3 1.1-.9 9.2-.6 11.1.7 4.1-2.2 5.2-2.7.8-.4-3.6 2.8-10.2.8-13.4-2.1-3.3-6.7-.1-7.9 2.4-2.1 4.2-.4 8.7 0 13.1.2 2-.8 8.9-3.8 4.8-3.1-4.3 2.5-11.6.2-16.3-1.1-2.2-5.8-3.5-7.2-1-.8 1.4 1 3.4.3 4.8s-2.2 1.2-2.8-.3c-.8-2.1 2.2-4.8-.1-6.5-1.3-.9-3.5.3-4.9.5-2.4-.1-3.3 0-4.5 2-.7 1.2-.4 3-2.3 2.1-1.9-.8-1.7-4.3-4.1-4.9-2.1-.6-4 1.3-5.1 2.9-.9 1.4-1.3 3-1.3 4.6 0 1.9 1.4 4.2.3 6-2.4 4.2-4.2-2.2-3.8-4.4.5-2.9 2-7.7-2.7-7.5-5.2.3-6.1 5.8-6.4 9.8-.1 1.3 1.5 10.4-2 8.4-1.8-1-.5-7.5-.6-9.1-.1-3.5-1.6-8.3-6.3-7.1-7.6 1.9 2.1 18.2-4.8 18.7-3.7.3-2.3-6.2-2-8.1.5-3.1.5-11.4-5.5-8.5-2.2 1.1-1 2.3-1.3 4.3-.2 1.8-1.3 3.2-2.3.8-1.1-2.5.8-6.7-3.9-6.6-8 .1-.7 16.4-4.8 15.8-2.8-.4-1-9.3-1.3-11.3-.6-3.5-3.5-7.8-7.8-6.9-4.4.9-1.4 6.5-1.4 9.1 0 3.1-3.4 5.9-4.4 1.7-.5-2.2.9-4.4.6-6.6-.3-1.9-1.5-4.1-3.2-5.2-5.3-3.4-4.9 5.2-8.1 4.5-1.4-.3-3-8.1-6.1-4.1-.7.9 2 10.3-2.2 8-2-1.1-.1-6.7-.7-8.9-1.8-6.2-4.7 2.3-6.1 3.1-2.9 1.7-4.6-6.2-6.3-.6-.5 1.7-.4 3.7-.2 5.4.2 1.6 1.5 4.6 1 6.1-.6 1.8-1.7 1.7-2.6.3-1-1.6-.4-4.5-.2-6.2.3-2.5 2.4-8.4-.2-10.3-3.1-2.1-6.8 2.1-7.7 4.5-1.5 4.3.3 8.7.5 13 .1 3.2-3 7.5-4.3 2.4-.6-2.4.2-5.1.6-7.4.4-2.3 1.2-6-.1-8.1-1.2-1.9-5.8-2.7-7-.5-.9 1.6 1.2 5.2-.6 5.6-2.4.6-2-2.3-1.8-3.4.3-1.5 1.1-3.2-.4-4.3-1.2-.9-4.7.3-5.9.5-2.4.5-2.5 1.4-3.6 3.3-1.2 2.1-1.4 1.7-3-.1-1.3-1.5-1.7-3.6-4-3.7-1.8-.1-3.4 1.7-4.2 3-1.4 2.2-1.3 4.1-1 6.5.2 1.4 1 3.8-.5 4.9-3.9 2.9-3.2-4.6-2.9-6.3.8-3.9-.4-8.1-5.4-5.6-3.8 1.9-4.1 6.7-4.1 10.5 0 1.6 1.2 5.8-.1 6.9-.8.7-1.8.3-2.4-.5-1.1-1.5.1-6.7 0-8.5-.1-3.5-.9-6.9-4.9-7.4-3.6-.6-6.7 1.2-6.8 4.9-.1 3.9 2 8.2.6 12-.9 2.4-2.9 2.9-4.6.9-2.4-2.8-.4-9 0-12.3.4-4.2.2-7-1.8-10.8C1.1 2.8.6 2.1 0 1.4v26.4h283.5V2.2c-.3.4-.6.8-.8 1.2z\"\/>\n<\/svg>\t\t<\/div>\n\t\t\t\t<div class=\"elementor-shape elementor-shape-bottom\" aria-hidden=\"true\" data-negative=\"false\">\n\t\t\t<svg xmlns=\"http:\/\/www.w3.org\/2000\/svg\" height=\"100%\" viewBox=\"0 0 283.5 27.8\" preserveAspectRatio=\"xMidYMax slice\">\n\t<path class=\"elementor-shape-fill\" d=\"M0 0v1.4c.6.7 1.1 1.4 1.4 2 2 3.8 2.2 6.6 1.8 10.8-.3 3.3-2.4 9.4 0 12.3 1.7 2 3.7 1.4 4.6-.9 1.4-3.8-.7-8.2-.6-12 .1-3.7 3.2-5.5 6.9-4.9 4 .6 4.8 4 4.9 7.4.1 1.8-1.1 7 0 8.5.6.8 1.6 1.2 2.4.5 1.4-1.1.1-5.4.1-6.9.1-3.7.3-8.6 4.1-10.5 5-2.5 6.2 1.6 5.4 5.6-.4 1.7-1 9.2 2.9 6.3 1.5-1.1.7-3.5.5-4.9-.4-2.4-.4-4.3 1-6.5.9-1.4 2.4-3.1 4.2-3 2.4.1 2.7 2.2 4 3.7 1.5 1.8 1.8 2.2 3 .1 1.1-1.9 1.2-2.8 3.6-3.3 1.3-.3 4.8-1.4 5.9-.5 1.5 1.1.6 2.8.4 4.3-.2 1.1-.6 4 1.8 3.4 1.7-.4-.3-4.1.6-5.6 1.3-2.2 5.8-1.4 7 .5 1.3 2.1.5 5.8.1 8.1s-1.2 5-.6 7.4c1.3 5.1 4.4.9 4.3-2.4-.1-4.4-2-8.8-.5-13 .9-2.4 4.6-6.6 7.7-4.5 2.7 1.8.5 7.8.2 10.3-.2 1.7-.8 4.6.2 6.2.9 1.4 2 1.5 2.6-.3.5-1.5-.9-4.5-1-6.1-.2-1.7-.4-3.7.2-5.4 1.8-5.6 3.5 2.4 6.3.6 1.4-.9 4.3-9.4 6.1-3.1.6 2.2-1.3 7.8.7 8.9 4.2 2.3 1.5-7.1 2.2-8 3.1-4 4.7 3.8 6.1 4.1 3.1.7 2.8-7.9 8.1-4.5 1.7 1.1 2.9 3.3 3.2 5.2.4 2.2-1 4.5-.6 6.6 1 4.3 4.4 1.5 4.4-1.7 0-2.7-3-8.3 1.4-9.1 4.4-.9 7.3 3.5 7.8 6.9.3 2-1.5 10.9 1.3 11.3 4.1.6-3.2-15.7 4.8-15.8 4.7-.1 2.8 4.1 3.9 6.6 1 2.4 2.1 1 2.3-.8.3-1.9-.9-3.2 1.3-4.3 5.9-2.9 5.9 5.4 5.5 8.5-.3 2-1.7 8.4 2 8.1 6.9-.5-2.8-16.9 4.8-18.7 4.7-1.2 6.1 3.6 6.3 7.1.1 1.7-1.2 8.1.6 9.1 3.5 2 1.9-7 2-8.4.2-4 1.2-9.6 6.4-9.8 4.7-.2 3.2 4.6 2.7 7.5-.4 2.2 1.3 8.6 3.8 4.4 1.1-1.9-.3-4.1-.3-6 0-1.7.4-3.2 1.3-4.6 1-1.6 2.9-3.5 5.1-2.9 2.5.6 2.3 4.1 4.1 4.9 1.9.8 1.6-.9 2.3-2.1 1.2-2.1 2.1-2.1 4.4-2.4 1.4-.2 3.6-1.5 4.9-.5 2.3 1.7-.7 4.4.1 6.5.6 1.5 2.1 1.7 2.8.3.7-1.4-1.1-3.4-.3-4.8 1.4-2.5 6.2-1.2 7.2 1 2.3 4.8-3.3 12-.2 16.3 3 4.1 3.9-2.8 3.8-4.8-.4-4.3-2.1-8.9 0-13.1 1.3-2.5 5.9-5.7 7.9-2.4 2 3.2-1.3 9.8-.8 13.4.5 4.4 3.5 3.3 2.7-.8-.4-1.9-2.4-10 .6-11.1 3.7-1.4 2.8 7.2 6.5.4 2.2-4.1 4.9-3.1 5.2 1.2.1 1.5-.6 3.1-.4 4.6.2 1.9 1.8 3.7 3.3 1.3 1-1.6-2.6-10.4 2.9-7.3 2.6 1.5 1.6 6.5 4.8 2.7 1.3-1.5 1.7-3.6 4-3.7 2.2-.1 4 2.3 4.8 4.1 1.3 2.9-1.5 8.4.9 10.3 4.2 3.3 3-5.5 2.7-6.9-.6-3.9 1-7.2 5.5-5 4.1 2.1 4.3 7.7 4.1 11.6 0 .8-.6 9.5 2.5 5.2 1.2-1.7-.1-7.7.1-9.6.3-2.9 1.2-5.5 4.3-6.2 4.5-1 7.7 1.5 7.4 5.8-.2 3.5-1.8 7.7-.5 11.1 1 2.7 3.6 2.8 5 .2 1.6-3.1 0-8.3-.4-11.6-.4-4.2-.2-7 1.8-10.8 0 0-.1.1-.1.2-.2.4-.3.7-.4.8v.1c-.1.2-.1.2 0 0v-.1l.4-.8c0-.1.1-.1.1-.2.2-.4.5-.8.8-1.2V0H0zM282.7 3.4z\"\/>\n<\/svg>\t\t<\/div>\n\t\t\t\t<div class=\"elementor-element elementor-element-724d856 elementor-widget__width-initial elementor-widget elementor-widget-kidden-section-heading\" data-id=\"724d856\" data-element_type=\"widget\" data-widget_type=\"kidden-section-heading.default\">\n\t\t\t\t<div class=\"elementor-widget-container\">\n\t\t\t\t\t        <div class=\"el-section-heading\">\n            <div class=\"content-wrapper\">\n                            <h2 class=\"dt-heading is-border\">\n            Profitez de nos jeux            <\/h2>\n                    <p class=\"desc\">Venez jouer sur place ou repartez avec vos coups de c\u0153ur : tout le catalogue Ludiloisirs est \u00e0 votre disposition !<\/p>\n                    <\/div>\n        <\/div>\n        \t\t\t\t<\/div>\n\t\t\t\t<\/div>\n\t\t\t\t<div class=\"elementor-element elementor-element-41bc8ef elementor-widget elementor-widget-kidden-button\" data-id=\"41bc8ef\" data-element_type=\"widget\" data-widget_type=\"kidden-button.default\">\n\t\t\t\t<div class=\"elementor-widget-container\">\n\t\t\t\t\t\t\t<div id=\"dl-at-41bc8ef\" class=\"dl-button-wrap\">\n\t\t<a href=\"https:\/\/ludiloisirs.fr\/?page_id=2353\" class=\"default-btn\" rel=\"nofollow\">Contactez-nous<span class=\"blob-dl-btn__inner\"><span class=\"blob-dl-btn__blobs\"><span><\/span><span><\/span><span><\/span><span><\/span><\/span><\/span><\/a>\t\t<\/div>\n        \t\t\t\t<\/div>\n\t\t\t\t<\/div>\n\t\t\t\t<\/div>\n\t\t\t\t\t<\/div>\n\t\t\t\t<\/div>\n\t\t\t\t<\/div>\n\t\t","protected":false},"excerpt":{"rendered":"<p>Profitez de nos jeux Venez jouer sur place ou repartez avec vos coups de c\u0153ur : tout le catalogue Ludiloisirs est \u00e0 votre disposition ! Contactez-nous<\/p>\n","protected":false},"author":4,"featured_media":0,"parent":0,"menu_order":0,"comment_status":"closed","ping_status":"closed","template":"elementor-template.php","meta":{"_acf_changed":false,"footnotes":""},"class_list":["post-595","page","type-page","status-publish","hentry"],"acf":[],"yoast_head":"<!-- This site is optimized with the Yoast SEO plugin v26.4 - https:\/\/yoast.com\/wordpress\/plugins\/seo\/ -->\n<title>Catalogue de Jeux de Soci\u00e9t\u00e9 \u2013 Ludoth\u00e8que Ludiloisirs<\/title>\n<meta name=\"description\" content=\"D\u00e9couvrez le catalogue complet de notre ludoth\u00e8que : des jeux de soci\u00e9t\u00e9 \u00e0 jouer sur place ou \u00e0 louer pour prolonger le plaisir chez vous.\" \/>\n<meta name=\"robots\" content=\"index, follow, max-snippet:-1, max-image-preview:large, max-video-preview:-1\" \/>\n<link rel=\"canonical\" href=\"https:\/\/ludiloisirs.fr\/?page_id=595\" \/>\n<meta property=\"og:locale\" content=\"fr_FR\" \/>\n<meta property=\"og:type\" content=\"article\" \/>\n<meta property=\"og:title\" content=\"Catalogue de Jeux de Soci\u00e9t\u00e9 \u2013 Ludoth\u00e8que Ludiloisirs\" \/>\n<meta property=\"og:description\" content=\"D\u00e9couvrez le catalogue complet de notre ludoth\u00e8que : des jeux de soci\u00e9t\u00e9 \u00e0 jouer sur place ou \u00e0 louer pour prolonger le plaisir chez vous.\" \/>\n<meta property=\"og:url\" content=\"https:\/\/ludiloisirs.fr\/?page_id=595\" \/>\n<meta property=\"og:site_name\" content=\"Centre Ludiloisirs Talence\" \/>\n<meta property=\"article:modified_time\" content=\"2025-08-12T16:39:48+00:00\" \/>\n<meta property=\"og:image\" content=\"https:\/\/ludiloisirs.fr\/wp-content\/uploads\/2025\/08\/Capture-decran-2025-08-12-a-18.17.40.png\" \/>\n<meta name=\"twitter:card\" content=\"summary_large_image\" \/>\n<script type=\"application\/ld+json\" class=\"yoast-schema-graph\">{\"@context\":\"https:\/\/schema.org\",\"@graph\":[{\"@type\":\"WebPage\",\"@id\":\"https:\/\/ludiloisirs.fr\/?page_id=595\",\"url\":\"https:\/\/ludiloisirs.fr\/?page_id=595\",\"name\":\"Catalogue de Jeux de Soci\u00e9t\u00e9 \u2013 Ludoth\u00e8que Ludiloisirs\",\"isPartOf\":{\"@id\":\"https:\/\/ludiloisirs.fr\/#website\"},\"primaryImageOfPage\":{\"@id\":\"https:\/\/ludiloisirs.fr\/?page_id=595#primaryimage\"},\"image\":{\"@id\":\"https:\/\/ludiloisirs.fr\/?page_id=595#primaryimage\"},\"thumbnailUrl\":\"https:\/\/ludiloisirs.fr\/wp-content\/uploads\/2025\/08\/Capture-decran-2025-08-12-a-18.17.40.png\",\"datePublished\":\"2024-08-25T07:21:21+00:00\",\"dateModified\":\"2025-08-12T16:39:48+00:00\",\"description\":\"D\u00e9couvrez le catalogue complet de notre ludoth\u00e8que : des jeux de soci\u00e9t\u00e9 \u00e0 jouer sur place ou \u00e0 louer pour prolonger le plaisir chez vous.\",\"breadcrumb\":{\"@id\":\"https:\/\/ludiloisirs.fr\/?page_id=595#breadcrumb\"},\"inLanguage\":\"fr-FR\",\"potentialAction\":[{\"@type\":\"ReadAction\",\"target\":[\"https:\/\/ludiloisirs.fr\/?page_id=595\"]}]},{\"@type\":\"ImageObject\",\"inLanguage\":\"fr-FR\",\"@id\":\"https:\/\/ludiloisirs.fr\/?page_id=595#primaryimage\",\"url\":\"https:\/\/ludiloisirs.fr\/wp-content\/uploads\/2025\/08\/Capture-decran-2025-08-12-a-18.17.40.png\",\"contentUrl\":\"https:\/\/ludiloisirs.fr\/wp-content\/uploads\/2025\/08\/Capture-decran-2025-08-12-a-18.17.40.png\"},{\"@type\":\"BreadcrumbList\",\"@id\":\"https:\/\/ludiloisirs.fr\/?page_id=595#breadcrumb\",\"itemListElement\":[{\"@type\":\"ListItem\",\"position\":1,\"name\":\"Accueil\",\"item\":\"https:\/\/ludiloisirs.fr\/\"},{\"@type\":\"ListItem\",\"position\":2,\"name\":\"Catalogue jeux\"}]},{\"@type\":\"WebSite\",\"@id\":\"https:\/\/ludiloisirs.fr\/#website\",\"url\":\"https:\/\/ludiloisirs.fr\/\",\"name\":\"Centre Ludiloisirs Talence\",\"description\":\"Centre de Loisirs et Ludoth\u00e8que \u00e0 Talence\",\"publisher\":{\"@id\":\"https:\/\/ludiloisirs.fr\/#organization\"},\"potentialAction\":[{\"@type\":\"SearchAction\",\"target\":{\"@type\":\"EntryPoint\",\"urlTemplate\":\"https:\/\/ludiloisirs.fr\/?s={search_term_string}\"},\"query-input\":{\"@type\":\"PropertyValueSpecification\",\"valueRequired\":true,\"valueName\":\"search_term_string\"}}],\"inLanguage\":\"fr-FR\"},{\"@type\":\"Organization\",\"@id\":\"https:\/\/ludiloisirs.fr\/#organization\",\"name\":\"Centre Ludiloisirs Talence\",\"url\":\"https:\/\/ludiloisirs.fr\/\",\"logo\":{\"@type\":\"ImageObject\",\"inLanguage\":\"fr-FR\",\"@id\":\"https:\/\/ludiloisirs.fr\/#\/schema\/logo\/image\/\",\"url\":\"https:\/\/ludiloisirs.fr\/wp-content\/uploads\/2025\/03\/cropped-A7E70F60-removebg-preview.png\",\"contentUrl\":\"https:\/\/ludiloisirs.fr\/wp-content\/uploads\/2025\/03\/cropped-A7E70F60-removebg-preview.png\",\"width\":456,\"height\":547,\"caption\":\"Centre Ludiloisirs Talence\"},\"image\":{\"@id\":\"https:\/\/ludiloisirs.fr\/#\/schema\/logo\/image\/\"}}]}<\/script>\n<!-- \/ Yoast SEO plugin. -->","yoast_head_json":{"title":"Catalogue de Jeux de Soci\u00e9t\u00e9 \u2013 Ludoth\u00e8que Ludiloisirs","description":"D\u00e9couvrez le catalogue complet de notre ludoth\u00e8que : des jeux de soci\u00e9t\u00e9 \u00e0 jouer sur place ou \u00e0 louer pour prolonger le plaisir chez vous.","robots":{"index":"index","follow":"follow","max-snippet":"max-snippet:-1","max-image-preview":"max-image-preview:large","max-video-preview":"max-video-preview:-1"},"canonical":"https:\/\/ludiloisirs.fr\/?page_id=595","og_locale":"fr_FR","og_type":"article","og_title":"Catalogue de Jeux de Soci\u00e9t\u00e9 \u2013 Ludoth\u00e8que Ludiloisirs","og_description":"D\u00e9couvrez le catalogue complet de notre ludoth\u00e8que : des jeux de soci\u00e9t\u00e9 \u00e0 jouer sur place ou \u00e0 louer pour prolonger le plaisir chez vous.","og_url":"https:\/\/ludiloisirs.fr\/?page_id=595","og_site_name":"Centre Ludiloisirs Talence","article_modified_time":"2025-08-12T16:39:48+00:00","og_image":[{"url":"https:\/\/ludiloisirs.fr\/wp-content\/uploads\/2025\/08\/Capture-decran-2025-08-12-a-18.17.40.png","type":"","width":"","height":""}],"twitter_card":"summary_large_image","schema":{"@context":"https:\/\/schema.org","@graph":[{"@type":"WebPage","@id":"https:\/\/ludiloisirs.fr\/?page_id=595","url":"https:\/\/ludiloisirs.fr\/?page_id=595","name":"Catalogue de Jeux de Soci\u00e9t\u00e9 \u2013 Ludoth\u00e8que Ludiloisirs","isPartOf":{"@id":"https:\/\/ludiloisirs.fr\/#website"},"primaryImageOfPage":{"@id":"https:\/\/ludiloisirs.fr\/?page_id=595#primaryimage"},"image":{"@id":"https:\/\/ludiloisirs.fr\/?page_id=595#primaryimage"},"thumbnailUrl":"https:\/\/ludiloisirs.fr\/wp-content\/uploads\/2025\/08\/Capture-decran-2025-08-12-a-18.17.40.png","datePublished":"2024-08-25T07:21:21+00:00","dateModified":"2025-08-12T16:39:48+00:00","description":"D\u00e9couvrez le catalogue complet de notre ludoth\u00e8que : des jeux de soci\u00e9t\u00e9 \u00e0 jouer sur place ou \u00e0 louer pour prolonger le plaisir chez vous.","breadcrumb":{"@id":"https:\/\/ludiloisirs.fr\/?page_id=595#breadcrumb"},"inLanguage":"fr-FR","potentialAction":[{"@type":"ReadAction","target":["https:\/\/ludiloisirs.fr\/?page_id=595"]}]},{"@type":"ImageObject","inLanguage":"fr-FR","@id":"https:\/\/ludiloisirs.fr\/?page_id=595#primaryimage","url":"https:\/\/ludiloisirs.fr\/wp-content\/uploads\/2025\/08\/Capture-decran-2025-08-12-a-18.17.40.png","contentUrl":"https:\/\/ludiloisirs.fr\/wp-content\/uploads\/2025\/08\/Capture-decran-2025-08-12-a-18.17.40.png"},{"@type":"BreadcrumbList","@id":"https:\/\/ludiloisirs.fr\/?page_id=595#breadcrumb","itemListElement":[{"@type":"ListItem","position":1,"name":"Accueil","item":"https:\/\/ludiloisirs.fr\/"},{"@type":"ListItem","position":2,"name":"Catalogue jeux"}]},{"@type":"WebSite","@id":"https:\/\/ludiloisirs.fr\/#website","url":"https:\/\/ludiloisirs.fr\/","name":"Centre Ludiloisirs Talence","description":"Centre de Loisirs et Ludoth\u00e8que \u00e0 Talence","publisher":{"@id":"https:\/\/ludiloisirs.fr\/#organization"},"potentialAction":[{"@type":"SearchAction","target":{"@type":"EntryPoint","urlTemplate":"https:\/\/ludiloisirs.fr\/?s={search_term_string}"},"query-input":{"@type":"PropertyValueSpecification","valueRequired":true,"valueName":"search_term_string"}}],"inLanguage":"fr-FR"},{"@type":"Organization","@id":"https:\/\/ludiloisirs.fr\/#organization","name":"Centre Ludiloisirs Talence","url":"https:\/\/ludiloisirs.fr\/","logo":{"@type":"ImageObject","inLanguage":"fr-FR","@id":"https:\/\/ludiloisirs.fr\/#\/schema\/logo\/image\/","url":"https:\/\/ludiloisirs.fr\/wp-content\/uploads\/2025\/03\/cropped-A7E70F60-removebg-preview.png","contentUrl":"https:\/\/ludiloisirs.fr\/wp-content\/uploads\/2025\/03\/cropped-A7E70F60-removebg-preview.png","width":456,"height":547,"caption":"Centre Ludiloisirs Talence"},"image":{"@id":"https:\/\/ludiloisirs.fr\/#\/schema\/logo\/image\/"}}]}},"_links":{"self":[{"href":"https:\/\/ludiloisirs.fr\/index.php?rest_route=\/wp\/v2\/pages\/595","targetHints":{"allow":["GET"]}}],"collection":[{"href":"https:\/\/ludiloisirs.fr\/index.php?rest_route=\/wp\/v2\/pages"}],"about":[{"href":"https:\/\/ludiloisirs.fr\/index.php?rest_route=\/wp\/v2\/types\/page"}],"author":[{"embeddable":true,"href":"https:\/\/ludiloisirs.fr\/index.php?rest_route=\/wp\/v2\/users\/4"}],"replies":[{"embeddable":true,"href":"https:\/\/ludiloisirs.fr\/index.php?rest_route=%2Fwp%2Fv2%2Fcomments&post=595"}],"version-history":[{"count":15,"href":"https:\/\/ludiloisirs.fr\/index.php?rest_route=\/wp\/v2\/pages\/595\/revisions"}],"predecessor-version":[{"id":2956,"href":"https:\/\/ludiloisirs.fr\/index.php?rest_route=\/wp\/v2\/pages\/595\/revisions\/2956"}],"wp:attachment":[{"href":"https:\/\/ludiloisirs.fr\/index.php?rest_route=%2Fwp%2Fv2%2Fmedia&parent=595"}],"curies":[{"name":"wp","href":"https:\/\/api.w.org\/{rel}","templated":true}]}}