{"id":546,"date":"2024-08-25T05:36:58","date_gmt":"2024-08-25T05:36:58","guid":{"rendered":"https:\/\/wp.dynamiclayers.net\/kidden-import\/?page_id=546"},"modified":"2025-07-31T23:38:39","modified_gmt":"2025-07-31T21:38:39","slug":"faq","status":"publish","type":"page","link":"https:\/\/ludiloisirs.fr\/?page_id=546","title":{"rendered":"Foire Aux Questions"},"content":{"rendered":"\t\t<div data-elementor-type=\"wp-page\" data-elementor-id=\"546\" class=\"elementor elementor-546\">\n\t\t\t\t<div class=\"elementor-element elementor-element-b085b55 e-flex e-con-boxed e-con e-parent\" data-id=\"b085b55\" data-element_type=\"container\">\n\t\t\t\t\t<div class=\"e-con-inner\">\n\t\t\t\t<div class=\"elementor-element elementor-element-9fdbcb5 dl-accordion--icon-right elementor-widget elementor-widget-kidden-accordion\" data-id=\"9fdbcb5\" data-element_type=\"widget\" data-widget_type=\"kidden-accordion.default\">\n\t\t\t\t<div class=\"elementor-widget-container\">\n\t\t\t\t\t        <div class=\"dl-accordion__wrapper\" role=\"tablist\">\n                            <div class=\"dl-accordion__item\">\n                    <div id=\"dl-accordion__item-title-1671\" class=\"dl-accordion__item-title\" data-tab=\"1\" role=\"tab\" aria-controls=\"dl-accordion__item-content-1671\">\n                                                    <span class=\"dl-accordion__item-icon dl-accordion__icon\" aria-hidden=\"true\">\n                                                                    <span class=\"dl-accordion__icon--closed\"><svg aria-hidden=\"true\" class=\"e-font-icon-svg e-fas-plus\" viewBox=\"0 0 448 512\" xmlns=\"http:\/\/www.w3.org\/2000\/svg\"><path d=\"M416 208H272V64c0-17.67-14.33-32-32-32h-32c-17.67 0-32 14.33-32 32v144H32c-17.67 0-32 14.33-32 32v32c0 17.67 14.33 32 32 32h144v144c0 17.67 14.33 32 32 32h32c17.67 0 32-14.33 32-32V304h144c17.67 0 32-14.33 32-32v-32c0-17.67-14.33-32-32-32z\"><\/path><\/svg><\/span>\n                                                                                                    <span class=\"dl-accordion__icon--opened\"><svg aria-hidden=\"true\" class=\"e-font-icon-svg e-fas-minus\" viewBox=\"0 0 448 512\" xmlns=\"http:\/\/www.w3.org\/2000\/svg\"><path d=\"M416 208H32c-17.67 0-32 14.33-32 32v32c0 17.67 14.33 32 32 32h384c17.67 0 32-14.33 32-32v-32c0-17.67-14.33-32-32-32z\"><\/path><\/svg><\/span>\n                                                            <\/span>\n                                                <div class=\"dl-accordion__item-title-inner\">\n                                                        <span class=\"dl-accordion__item-title-text\">\ud83c\udfe0 Qu\u2019est-ce que Ludiloisirs ?<\/span>\n                        <\/div>\n                    <\/div>\n                    <div id=\"dl-accordion__item-content-1671\" class=\"dl-accordion__item-content\" data-tab=\"1\" role=\"tabpanel\" aria-labelledby=\"dl-accordion__item-title-1671\">\n                        <p>Ludiloisirs est un <strong data-start=\"419\" data-end=\"448\">centre de loisirs ludique<\/strong> ouvert \u00e0 tous. Nous proposons une <strong data-start=\"483\" data-end=\"512\">ludoth\u00e8que en acc\u00e8s libre<\/strong>, des <strong data-start=\"518\" data-end=\"544\">animations ponctuelles<\/strong>, des <strong data-start=\"550\" data-end=\"574\">ateliers th\u00e9matiques<\/strong> et des <strong data-start=\"582\" data-end=\"606\">\u00e9v\u00e9nements r\u00e9guliers<\/strong> comme les soir\u00e9es jeux ou les anniversaires organis\u00e9s.<\/p>                    <\/div>\n                <\/div>\n                            <div class=\"dl-accordion__item\">\n                    <div id=\"dl-accordion__item-title-1672\" class=\"dl-accordion__item-title\" data-tab=\"2\" role=\"tab\" aria-controls=\"dl-accordion__item-content-1672\">\n                                                    <span class=\"dl-accordion__item-icon dl-accordion__icon\" aria-hidden=\"true\">\n                                                                    <span class=\"dl-accordion__icon--closed\"><svg aria-hidden=\"true\" class=\"e-font-icon-svg e-fas-plus\" viewBox=\"0 0 448 512\" xmlns=\"http:\/\/www.w3.org\/2000\/svg\"><path d=\"M416 208H272V64c0-17.67-14.33-32-32-32h-32c-17.67 0-32 14.33-32 32v144H32c-17.67 0-32 14.33-32 32v32c0 17.67 14.33 32 32 32h144v144c0 17.67 14.33 32 32 32h32c17.67 0 32-14.33 32-32V304h144c17.67 0 32-14.33 32-32v-32c0-17.67-14.33-32-32-32z\"><\/path><\/svg><\/span>\n                                                                                                    <span class=\"dl-accordion__icon--opened\"><svg aria-hidden=\"true\" class=\"e-font-icon-svg e-fas-minus\" viewBox=\"0 0 448 512\" xmlns=\"http:\/\/www.w3.org\/2000\/svg\"><path d=\"M416 208H32c-17.67 0-32 14.33-32 32v32c0 17.67 14.33 32 32 32h384c17.67 0 32-14.33 32-32v-32c0-17.67-14.33-32-32-32z\"><\/path><\/svg><\/span>\n                                                            <\/span>\n                                                <div class=\"dl-accordion__item-title-inner\">\n                                                        <span class=\"dl-accordion__item-title-text\">\ud83d\udcd1 Comment se passe l'inscription pour mon enfant ?<\/span>\n                        <\/div>\n                    <\/div>\n                    <div id=\"dl-accordion__item-content-1672\" class=\"dl-accordion__item-content\" data-tab=\"2\" role=\"tabpanel\" aria-labelledby=\"dl-accordion__item-title-1672\">\n                        <p>Rendez vous sur notre espace famille, facilement accessible depuis le site. Vous trouverez <a href=\"https:\/\/espacefamille.aiga.fr\/index.html?dossier=6699226#documentationliste&amp;233138\">ici<\/a> notre grille tarifaire.<\/p>                    <\/div>\n                <\/div>\n                            <div class=\"dl-accordion__item\">\n                    <div id=\"dl-accordion__item-title-1673\" class=\"dl-accordion__item-title\" data-tab=\"3\" role=\"tab\" aria-controls=\"dl-accordion__item-content-1673\">\n                                                    <span class=\"dl-accordion__item-icon dl-accordion__icon\" aria-hidden=\"true\">\n                                                                    <span class=\"dl-accordion__icon--closed\"><svg aria-hidden=\"true\" class=\"e-font-icon-svg e-fas-plus\" viewBox=\"0 0 448 512\" xmlns=\"http:\/\/www.w3.org\/2000\/svg\"><path d=\"M416 208H272V64c0-17.67-14.33-32-32-32h-32c-17.67 0-32 14.33-32 32v144H32c-17.67 0-32 14.33-32 32v32c0 17.67 14.33 32 32 32h144v144c0 17.67 14.33 32 32 32h32c17.67 0 32-14.33 32-32V304h144c17.67 0 32-14.33 32-32v-32c0-17.67-14.33-32-32-32z\"><\/path><\/svg><\/span>\n                                                                                                    <span class=\"dl-accordion__icon--opened\"><svg aria-hidden=\"true\" class=\"e-font-icon-svg e-fas-minus\" viewBox=\"0 0 448 512\" xmlns=\"http:\/\/www.w3.org\/2000\/svg\"><path d=\"M416 208H32c-17.67 0-32 14.33-32 32v32c0 17.67 14.33 32 32 32h384c17.67 0 32-14.33 32-32v-32c0-17.67-14.33-32-32-32z\"><\/path><\/svg><\/span>\n                                                            <\/span>\n                                                <div class=\"dl-accordion__item-title-inner\">\n                                                        <span class=\"dl-accordion__item-title-text\">\ud83c\udfb2 Peut-on venir jouer librement ?<\/span>\n                        <\/div>\n                    <\/div>\n                    <div id=\"dl-accordion__item-content-1673\" class=\"dl-accordion__item-content\" data-tab=\"3\" role=\"tabpanel\" aria-labelledby=\"dl-accordion__item-title-1673\">\n                        <p>Oui ! Notre <strong data-start=\"715\" data-end=\"748\">ludoth\u00e8que est ouverte \u00e0 tous<\/strong>, petits et grands, sur les horaires d&#8217;ouverture. Vous pouvez consulter les jeux sur place, demander des conseils \u00e0 notre \u00e9quipe, ou simplement venir passer un bon moment.<\/p>                    <\/div>\n                <\/div>\n                            <div class=\"dl-accordion__item\">\n                    <div id=\"dl-accordion__item-title-1674\" class=\"dl-accordion__item-title\" data-tab=\"4\" role=\"tab\" aria-controls=\"dl-accordion__item-content-1674\">\n                                                    <span class=\"dl-accordion__item-icon dl-accordion__icon\" aria-hidden=\"true\">\n                                                                    <span class=\"dl-accordion__icon--closed\"><svg aria-hidden=\"true\" class=\"e-font-icon-svg e-fas-plus\" viewBox=\"0 0 448 512\" xmlns=\"http:\/\/www.w3.org\/2000\/svg\"><path d=\"M416 208H272V64c0-17.67-14.33-32-32-32h-32c-17.67 0-32 14.33-32 32v144H32c-17.67 0-32 14.33-32 32v32c0 17.67 14.33 32 32 32h144v144c0 17.67 14.33 32 32 32h32c17.67 0 32-14.33 32-32V304h144c17.67 0 32-14.33 32-32v-32c0-17.67-14.33-32-32-32z\"><\/path><\/svg><\/span>\n                                                                                                    <span class=\"dl-accordion__icon--opened\"><svg aria-hidden=\"true\" class=\"e-font-icon-svg e-fas-minus\" viewBox=\"0 0 448 512\" xmlns=\"http:\/\/www.w3.org\/2000\/svg\"><path d=\"M416 208H32c-17.67 0-32 14.33-32 32v32c0 17.67 14.33 32 32 32h384c17.67 0 32-14.33 32-32v-32c0-17.67-14.33-32-32-32z\"><\/path><\/svg><\/span>\n                                                            <\/span>\n                                                <div class=\"dl-accordion__item-title-inner\">\n                                                        <span class=\"dl-accordion__item-title-text\">\ud83d\udc6a \u00c0 partir de quel \u00e2ge peut-on venir ?<\/span>\n                        <\/div>\n                    <\/div>\n                    <div id=\"dl-accordion__item-content-1674\" class=\"dl-accordion__item-content\" data-tab=\"4\" role=\"tabpanel\" aria-labelledby=\"dl-accordion__item-title-1674\">\n                        <p>Nous accueillons les enfants <strong data-start=\"995\" data-end=\"1008\">d\u00e8s 3 ans<\/strong>, mais de nombreux jeux et activit\u00e9s sont aussi adapt\u00e9s aux <strong data-start=\"1068\" data-end=\"1097\">ados, adultes et familles<\/strong>. Certaines animations sont sp\u00e9cifiquement con\u00e7ues pour diff\u00e9rents \u00e2ges \u2014 pensez \u00e0 consulter notre programme !<\/p>                    <\/div>\n                <\/div>\n                            <div class=\"dl-accordion__item\">\n                    <div id=\"dl-accordion__item-title-1675\" class=\"dl-accordion__item-title\" data-tab=\"5\" role=\"tab\" aria-controls=\"dl-accordion__item-content-1675\">\n                                                    <span class=\"dl-accordion__item-icon dl-accordion__icon\" aria-hidden=\"true\">\n                                                                    <span class=\"dl-accordion__icon--closed\"><svg aria-hidden=\"true\" class=\"e-font-icon-svg e-fas-plus\" viewBox=\"0 0 448 512\" xmlns=\"http:\/\/www.w3.org\/2000\/svg\"><path d=\"M416 208H272V64c0-17.67-14.33-32-32-32h-32c-17.67 0-32 14.33-32 32v144H32c-17.67 0-32 14.33-32 32v32c0 17.67 14.33 32 32 32h144v144c0 17.67 14.33 32 32 32h32c17.67 0 32-14.33 32-32V304h144c17.67 0 32-14.33 32-32v-32c0-17.67-14.33-32-32-32z\"><\/path><\/svg><\/span>\n                                                                                                    <span class=\"dl-accordion__icon--opened\"><svg aria-hidden=\"true\" class=\"e-font-icon-svg e-fas-minus\" viewBox=\"0 0 448 512\" xmlns=\"http:\/\/www.w3.org\/2000\/svg\"><path d=\"M416 208H32c-17.67 0-32 14.33-32 32v32c0 17.67 14.33 32 32 32h384c17.67 0 32-14.33 32-32v-32c0-17.67-14.33-32-32-32z\"><\/path><\/svg><\/span>\n                                                            <\/span>\n                                                <div class=\"dl-accordion__item-title-inner\">\n                                                        <span class=\"dl-accordion__item-title-text\">\ud83c\udf89 Organisez-vous des \u00e9v\u00e9nements ?<\/span>\n                        <\/div>\n                    <\/div>\n                    <div id=\"dl-accordion__item-content-1675\" class=\"dl-accordion__item-content\" data-tab=\"5\" role=\"tabpanel\" aria-labelledby=\"dl-accordion__item-title-1675\">\n                        <p data-start=\"1249\" data-end=\"1302\">Oui ! En plus des <strong data-start=\"1267\" data-end=\"1284\">anniversaires<\/strong>, nous proposons :<\/p>\n\n<ul data-start=\"1303\" data-end=\"1463\">\n \t<li data-start=\"1303\" data-end=\"1361\">\ndes <strong data-start=\"1309\" data-end=\"1325\">soir\u00e9es jeux<\/strong> (jeux de soci\u00e9t\u00e9, jeux en \u00e9quipe\u2026),\n<\/li>\n \t<li data-start=\"1362\" data-end=\"1405\">\ndes <strong data-start=\"1368\" data-end=\"1404\">ateliers cr\u00e9atifs ou th\u00e9matiques<\/strong>,\n<\/li>\n \t<li data-start=\"1406\" data-end=\"1463\">\ndes <strong data-start=\"1412\" data-end=\"1433\">vacances ludiques<\/strong> avec des activit\u00e9s sp\u00e9ciales.\n<\/li>\n<\/ul>\n<p data-start=\"1465\" data-end=\"1528\">Le calendrier est disponible sur notre site ou dans nos locaux.<\/p>                    <\/div>\n                <\/div>\n                            <div class=\"dl-accordion__item\">\n                    <div id=\"dl-accordion__item-title-1676\" class=\"dl-accordion__item-title\" data-tab=\"6\" role=\"tab\" aria-controls=\"dl-accordion__item-content-1676\">\n                                                    <span class=\"dl-accordion__item-icon dl-accordion__icon\" aria-hidden=\"true\">\n                                                                    <span class=\"dl-accordion__icon--closed\"><svg aria-hidden=\"true\" class=\"e-font-icon-svg e-fas-plus\" viewBox=\"0 0 448 512\" xmlns=\"http:\/\/www.w3.org\/2000\/svg\"><path d=\"M416 208H272V64c0-17.67-14.33-32-32-32h-32c-17.67 0-32 14.33-32 32v144H32c-17.67 0-32 14.33-32 32v32c0 17.67 14.33 32 32 32h144v144c0 17.67 14.33 32 32 32h32c17.67 0 32-14.33 32-32V304h144c17.67 0 32-14.33 32-32v-32c0-17.67-14.33-32-32-32z\"><\/path><\/svg><\/span>\n                                                                                                    <span class=\"dl-accordion__icon--opened\"><svg aria-hidden=\"true\" class=\"e-font-icon-svg e-fas-minus\" viewBox=\"0 0 448 512\" xmlns=\"http:\/\/www.w3.org\/2000\/svg\"><path d=\"M416 208H32c-17.67 0-32 14.33-32 32v32c0 17.67 14.33 32 32 32h384c17.67 0 32-14.33 32-32v-32c0-17.67-14.33-32-32-32z\"><\/path><\/svg><\/span>\n                                                            <\/span>\n                                                <div class=\"dl-accordion__item-title-inner\">\n                                                        <span class=\"dl-accordion__item-title-text\">\ud83e\uddf8 Peut-on emprunter des jeux ?<\/span>\n                        <\/div>\n                    <\/div>\n                    <div id=\"dl-accordion__item-content-1676\" class=\"dl-accordion__item-content\" data-tab=\"6\" role=\"tabpanel\" aria-labelledby=\"dl-accordion__item-title-1676\">\n                        <p>Oui, notre ludoth\u00e8que propose un <strong data-start=\"1600\" data-end=\"1624\">syst\u00e8me d\u2019abonnement<\/strong> vous permettant d\u2019<strong data-start=\"1643\" data-end=\"1665\">emprunter des jeux<\/strong> pour les ramener chez vous. C\u2019est un bon moyen de d\u00e9couvrir de nouveaux jeux avant de les acheter !<\/p>                    <\/div>\n                <\/div>\n                    <\/div>\n        \t\t\t\t<\/div>\n\t\t\t\t<\/div>\n\t\t\t\t\t<\/div>\n\t\t\t\t<\/div>\n\t\t\t\t<\/div>\n\t\t","protected":false},"excerpt":{"rendered":"<p>\ud83c\udfe0 Qu\u2019est-ce que Ludiloisirs ? Ludiloisirs est un centre de loisirs ludique ouvert \u00e0 tous. Nous proposons une ludoth\u00e8que en acc\u00e8s libre, des animations ponctuelles, des ateliers th\u00e9matiques et des [&hellip;]<\/p>\n","protected":false},"author":4,"featured_media":0,"parent":0,"menu_order":0,"comment_status":"closed","ping_status":"closed","template":"","meta":{"_acf_changed":false,"footnotes":""},"class_list":["post-546","page","type-page","status-publish","hentry"],"acf":[],"yoast_head":"<!-- This site is optimized with the Yoast SEO plugin v26.4 - https:\/\/yoast.com\/wordpress\/plugins\/seo\/ -->\n<title>Foire aux questions - Centre Ludiloisirs Talence<\/title>\n<meta name=\"description\" content=\"Toutes les r\u00e9ponses \u00e0 vos questions sur Ludiloisirs : fonctionnement de la ludoth\u00e8que, r\u00e9servations d\u2019anniversaires, soir\u00e9es jeux...\" \/>\n<meta name=\"robots\" content=\"index, follow, max-snippet:-1, max-image-preview:large, max-video-preview:-1\" \/>\n<link rel=\"canonical\" href=\"https:\/\/ludiloisirs.fr\/?page_id=546\" \/>\n<meta property=\"og:locale\" content=\"fr_FR\" \/>\n<meta property=\"og:type\" content=\"article\" \/>\n<meta property=\"og:title\" content=\"Foire aux questions - Centre Ludiloisirs Talence\" \/>\n<meta property=\"og:description\" content=\"Toutes les r\u00e9ponses \u00e0 vos questions sur Ludiloisirs : fonctionnement de la ludoth\u00e8que, r\u00e9servations d\u2019anniversaires, soir\u00e9es jeux...\" \/>\n<meta property=\"og:url\" content=\"https:\/\/ludiloisirs.fr\/?page_id=546\" \/>\n<meta property=\"og:site_name\" content=\"Centre Ludiloisirs Talence\" \/>\n<meta property=\"article:modified_time\" content=\"2025-07-31T21:38:39+00:00\" \/>\n<meta name=\"twitter:card\" content=\"summary_large_image\" \/>\n<meta name=\"twitter:label1\" content=\"Dur\u00e9e de lecture estim\u00e9e\" \/>\n\t<meta name=\"twitter:data1\" content=\"1 minute\" \/>\n<script type=\"application\/ld+json\" class=\"yoast-schema-graph\">{\"@context\":\"https:\/\/schema.org\",\"@graph\":[{\"@type\":\"WebPage\",\"@id\":\"https:\/\/ludiloisirs.fr\/?page_id=546\",\"url\":\"https:\/\/ludiloisirs.fr\/?page_id=546\",\"name\":\"Foire aux questions - Centre Ludiloisirs Talence\",\"isPartOf\":{\"@id\":\"https:\/\/ludiloisirs.fr\/#website\"},\"datePublished\":\"2024-08-25T05:36:58+00:00\",\"dateModified\":\"2025-07-31T21:38:39+00:00\",\"description\":\"Toutes les r\u00e9ponses \u00e0 vos questions sur Ludiloisirs : fonctionnement de la ludoth\u00e8que, r\u00e9servations d\u2019anniversaires, soir\u00e9es jeux...\",\"breadcrumb\":{\"@id\":\"https:\/\/ludiloisirs.fr\/?page_id=546#breadcrumb\"},\"inLanguage\":\"fr-FR\",\"potentialAction\":[{\"@type\":\"ReadAction\",\"target\":[\"https:\/\/ludiloisirs.fr\/?page_id=546\"]}]},{\"@type\":\"BreadcrumbList\",\"@id\":\"https:\/\/ludiloisirs.fr\/?page_id=546#breadcrumb\",\"itemListElement\":[{\"@type\":\"ListItem\",\"position\":1,\"name\":\"Accueil\",\"item\":\"https:\/\/ludiloisirs.fr\/\"},{\"@type\":\"ListItem\",\"position\":2,\"name\":\"Foire Aux Questions\"}]},{\"@type\":\"WebSite\",\"@id\":\"https:\/\/ludiloisirs.fr\/#website\",\"url\":\"https:\/\/ludiloisirs.fr\/\",\"name\":\"Centre Ludiloisirs Talence\",\"description\":\"Centre de Loisirs et Ludoth\u00e8que \u00e0 Talence\",\"publisher\":{\"@id\":\"https:\/\/ludiloisirs.fr\/#organization\"},\"potentialAction\":[{\"@type\":\"SearchAction\",\"target\":{\"@type\":\"EntryPoint\",\"urlTemplate\":\"https:\/\/ludiloisirs.fr\/?s={search_term_string}\"},\"query-input\":{\"@type\":\"PropertyValueSpecification\",\"valueRequired\":true,\"valueName\":\"search_term_string\"}}],\"inLanguage\":\"fr-FR\"},{\"@type\":\"Organization\",\"@id\":\"https:\/\/ludiloisirs.fr\/#organization\",\"name\":\"Centre Ludiloisirs Talence\",\"url\":\"https:\/\/ludiloisirs.fr\/\",\"logo\":{\"@type\":\"ImageObject\",\"inLanguage\":\"fr-FR\",\"@id\":\"https:\/\/ludiloisirs.fr\/#\/schema\/logo\/image\/\",\"url\":\"https:\/\/ludiloisirs.fr\/wp-content\/uploads\/2025\/03\/cropped-A7E70F60-removebg-preview.png\",\"contentUrl\":\"https:\/\/ludiloisirs.fr\/wp-content\/uploads\/2025\/03\/cropped-A7E70F60-removebg-preview.png\",\"width\":456,\"height\":547,\"caption\":\"Centre Ludiloisirs Talence\"},\"image\":{\"@id\":\"https:\/\/ludiloisirs.fr\/#\/schema\/logo\/image\/\"}}]}<\/script>\n<!-- \/ Yoast SEO plugin. -->","yoast_head_json":{"title":"Foire aux questions - Centre Ludiloisirs Talence","description":"Toutes les r\u00e9ponses \u00e0 vos questions sur Ludiloisirs : fonctionnement de la ludoth\u00e8que, r\u00e9servations d\u2019anniversaires, soir\u00e9es jeux...","robots":{"index":"index","follow":"follow","max-snippet":"max-snippet:-1","max-image-preview":"max-image-preview:large","max-video-preview":"max-video-preview:-1"},"canonical":"https:\/\/ludiloisirs.fr\/?page_id=546","og_locale":"fr_FR","og_type":"article","og_title":"Foire aux questions - Centre Ludiloisirs Talence","og_description":"Toutes les r\u00e9ponses \u00e0 vos questions sur Ludiloisirs : fonctionnement de la ludoth\u00e8que, r\u00e9servations d\u2019anniversaires, soir\u00e9es jeux...","og_url":"https:\/\/ludiloisirs.fr\/?page_id=546","og_site_name":"Centre Ludiloisirs Talence","article_modified_time":"2025-07-31T21:38:39+00:00","twitter_card":"summary_large_image","twitter_misc":{"Dur\u00e9e de lecture estim\u00e9e":"1 minute"},"schema":{"@context":"https:\/\/schema.org","@graph":[{"@type":"WebPage","@id":"https:\/\/ludiloisirs.fr\/?page_id=546","url":"https:\/\/ludiloisirs.fr\/?page_id=546","name":"Foire aux questions - Centre Ludiloisirs Talence","isPartOf":{"@id":"https:\/\/ludiloisirs.fr\/#website"},"datePublished":"2024-08-25T05:36:58+00:00","dateModified":"2025-07-31T21:38:39+00:00","description":"Toutes les r\u00e9ponses \u00e0 vos questions sur Ludiloisirs : fonctionnement de la ludoth\u00e8que, r\u00e9servations d\u2019anniversaires, soir\u00e9es jeux...","breadcrumb":{"@id":"https:\/\/ludiloisirs.fr\/?page_id=546#breadcrumb"},"inLanguage":"fr-FR","potentialAction":[{"@type":"ReadAction","target":["https:\/\/ludiloisirs.fr\/?page_id=546"]}]},{"@type":"BreadcrumbList","@id":"https:\/\/ludiloisirs.fr\/?page_id=546#breadcrumb","itemListElement":[{"@type":"ListItem","position":1,"name":"Accueil","item":"https:\/\/ludiloisirs.fr\/"},{"@type":"ListItem","position":2,"name":"Foire Aux Questions"}]},{"@type":"WebSite","@id":"https:\/\/ludiloisirs.fr\/#website","url":"https:\/\/ludiloisirs.fr\/","name":"Centre Ludiloisirs Talence","description":"Centre de Loisirs et Ludoth\u00e8que \u00e0 Talence","publisher":{"@id":"https:\/\/ludiloisirs.fr\/#organization"},"potentialAction":[{"@type":"SearchAction","target":{"@type":"EntryPoint","urlTemplate":"https:\/\/ludiloisirs.fr\/?s={search_term_string}"},"query-input":{"@type":"PropertyValueSpecification","valueRequired":true,"valueName":"search_term_string"}}],"inLanguage":"fr-FR"},{"@type":"Organization","@id":"https:\/\/ludiloisirs.fr\/#organization","name":"Centre Ludiloisirs Talence","url":"https:\/\/ludiloisirs.fr\/","logo":{"@type":"ImageObject","inLanguage":"fr-FR","@id":"https:\/\/ludiloisirs.fr\/#\/schema\/logo\/image\/","url":"https:\/\/ludiloisirs.fr\/wp-content\/uploads\/2025\/03\/cropped-A7E70F60-removebg-preview.png","contentUrl":"https:\/\/ludiloisirs.fr\/wp-content\/uploads\/2025\/03\/cropped-A7E70F60-removebg-preview.png","width":456,"height":547,"caption":"Centre Ludiloisirs Talence"},"image":{"@id":"https:\/\/ludiloisirs.fr\/#\/schema\/logo\/image\/"}}]}},"_links":{"self":[{"href":"https:\/\/ludiloisirs.fr\/index.php?rest_route=\/wp\/v2\/pages\/546","targetHints":{"allow":["GET"]}}],"collection":[{"href":"https:\/\/ludiloisirs.fr\/index.php?rest_route=\/wp\/v2\/pages"}],"about":[{"href":"https:\/\/ludiloisirs.fr\/index.php?rest_route=\/wp\/v2\/types\/page"}],"author":[{"embeddable":true,"href":"https:\/\/ludiloisirs.fr\/index.php?rest_route=\/wp\/v2\/users\/4"}],"replies":[{"embeddable":true,"href":"https:\/\/ludiloisirs.fr\/index.php?rest_route=%2Fwp%2Fv2%2Fcomments&post=546"}],"version-history":[{"count":8,"href":"https:\/\/ludiloisirs.fr\/index.php?rest_route=\/wp\/v2\/pages\/546\/revisions"}],"predecessor-version":[{"id":2863,"href":"https:\/\/ludiloisirs.fr\/index.php?rest_route=\/wp\/v2\/pages\/546\/revisions\/2863"}],"wp:attachment":[{"href":"https:\/\/ludiloisirs.fr\/index.php?rest_route=%2Fwp%2Fv2%2Fmedia&parent=546"}],"curies":[{"name":"wp","href":"https:\/\/api.w.org\/{rel}","templated":true}]}}