{"id":2353,"date":"2024-08-13T11:42:25","date_gmt":"2024-08-13T11:42:25","guid":{"rendered":"https:\/\/wp.dynamiclayers.net\/kidden-import\/?page_id=77"},"modified":"2025-11-27T20:59:02","modified_gmt":"2025-11-27T19:59:02","slug":"contacter-ludiloisirs","status":"publish","type":"page","link":"https:\/\/ludiloisirs.fr\/?page_id=2353","title":{"rendered":"Contact"},"content":{"rendered":"\t\t<div data-elementor-type=\"wp-page\" data-elementor-id=\"2353\" class=\"elementor elementor-2353\">\n\t\t\t\t<div class=\"elementor-element elementor-element-a4c68a8 e-flex e-con-boxed e-con e-parent\" data-id=\"a4c68a8\" data-element_type=\"container\" data-settings=\"{&quot;background_background&quot;:&quot;classic&quot;}\">\n\t\t\t\t\t<div class=\"e-con-inner\">\n\t\t<div class=\"elementor-element elementor-element-be54dfe e-con-full e-flex e-con e-child\" data-id=\"be54dfe\" data-element_type=\"container\">\n\t\t\t\t<div class=\"elementor-element elementor-element-c65b57c elementor-widget elementor-widget-image\" data-id=\"c65b57c\" data-element_type=\"widget\" data-widget_type=\"image.default\">\n\t\t\t\t<div class=\"elementor-widget-container\">\n\t\t\t\t\t\t\t\t\t\t\t\t\t\t\t<img fetchpriority=\"high\" decoding=\"async\" width=\"640\" height=\"640\" src=\"https:\/\/ludiloisirs.fr\/wp-content\/uploads\/2025\/04\/contact-ludiloisirs-768x768.png\" class=\"attachment-medium_large size-medium_large wp-image-2669\" alt=\"\" srcset=\"https:\/\/ludiloisirs.fr\/wp-content\/uploads\/2025\/04\/contact-ludiloisirs-768x768.png 768w, https:\/\/ludiloisirs.fr\/wp-content\/uploads\/2025\/04\/contact-ludiloisirs-300x300.png 300w, https:\/\/ludiloisirs.fr\/wp-content\/uploads\/2025\/04\/contact-ludiloisirs-150x150.png 150w, https:\/\/ludiloisirs.fr\/wp-content\/uploads\/2025\/04\/contact-ludiloisirs-260x260.png 260w, https:\/\/ludiloisirs.fr\/wp-content\/uploads\/2025\/04\/contact-ludiloisirs.png 1024w\" sizes=\"(max-width: 640px) 100vw, 640px\" \/>\t\t\t\t\t\t\t\t\t\t\t\t\t\t\t<\/div>\n\t\t\t\t<\/div>\n\t\t\t\t<div class=\"elementor-element elementor-element-5dae167 elementor-icon-list--layout-traditional elementor-list-item-link-full_width elementor-widget elementor-widget-icon-list\" data-id=\"5dae167\" data-element_type=\"widget\" data-widget_type=\"icon-list.default\">\n\t\t\t\t<div class=\"elementor-widget-container\">\n\t\t\t\t\t\t\t<ul class=\"elementor-icon-list-items\">\n\t\t\t\t\t\t\t<li class=\"elementor-icon-list-item\">\n\t\t\t\t\t\t\t\t\t\t\t<span class=\"elementor-icon-list-icon\">\n\t\t\t\t\t\t\t<i aria-hidden=\"true\" class=\"la la-map-pin\"><\/i>\t\t\t\t\t\t<\/span>\n\t\t\t\t\t\t\t\t\t\t<span class=\"elementor-icon-list-text\">27 all\u00e9e des Petits Rois - 33400 Talence<\/span>\n\t\t\t\t\t\t\t\t\t<\/li>\n\t\t\t\t\t\t\t\t<li class=\"elementor-icon-list-item\">\n\t\t\t\t\t\t\t\t\t\t\t<span class=\"elementor-icon-list-icon\">\n\t\t\t\t\t\t\t<i aria-hidden=\"true\" class=\"la la-volume-control-phone\"><\/i>\t\t\t\t\t\t<\/span>\n\t\t\t\t\t\t\t\t\t\t<span class=\"elementor-icon-list-text\">05.56.84.93.23<\/span>\n\t\t\t\t\t\t\t\t\t<\/li>\n\t\t\t\t\t\t\t\t<li class=\"elementor-icon-list-item\">\n\t\t\t\t\t\t\t\t\t\t\t<a href=\"mailto:contact@ludiloisirs.fr\">\n\n\t\t\t\t\t\t\t\t\t\t\t\t<span class=\"elementor-icon-list-icon\">\n\t\t\t\t\t\t\t<i aria-hidden=\"true\" class=\"la la-mail-bulk\"><\/i>\t\t\t\t\t\t<\/span>\n\t\t\t\t\t\t\t\t\t\t<span class=\"elementor-icon-list-text\">contact@ludiloisirs.fr<\/span>\n\t\t\t\t\t\t\t\t\t\t\t<\/a>\n\t\t\t\t\t\t\t\t\t<\/li>\n\t\t\t\t\t\t<\/ul>\n\t\t\t\t\t\t<\/div>\n\t\t\t\t<\/div>\n\t\t\t\t<\/div>\n\t\t<div class=\"elementor-element elementor-element-cd125da e-con-full e-flex e-con e-child\" data-id=\"cd125da\" data-element_type=\"container\">\n\t\t\t\t<div class=\"elementor-element elementor-element-ad3e135 elementor-widget elementor-widget-kidden-section-heading\" data-id=\"ad3e135\" data-element_type=\"widget\" data-widget_type=\"kidden-section-heading.default\">\n\t\t\t\t<div class=\"elementor-widget-container\">\n\t\t\t\t\t        <div class=\"el-section-heading\">\n            <div class=\"content-wrapper\">\n                            <h2 class=\"dt-heading is-border\">\n            Une question ?            <\/h2>\n                    <p class=\"desc\">N'h\u00e9sitez pas \u00e0 nous contacter sur nos horaires d'ouverture ! <br> Sinon, vous pouvez aussi utiliser notre formulaire de contact :<\/p>\n                    <\/div>\n        <\/div>\n        \t\t\t\t<\/div>\n\t\t\t\t<\/div>\n\t\t\t\t<div class=\"elementor-element elementor-element-94d8759 dl-align-left elementor-widget elementor-widget-kidden-contact-form\" data-id=\"94d8759\" data-element_type=\"widget\" data-widget_type=\"kidden-contact-form.default\">\n\t\t\t\t<div class=\"elementor-widget-container\">\n\t\t\t\t\t<div class=\"el-cf7-form-wrap layout-1\">        <div class=\"dl-section-heading\">\n                                            <\/div>\n        \n<div class=\"wpcf7 no-js\" id=\"wpcf7-f5-o1\" lang=\"fr-FR\" dir=\"ltr\" data-wpcf7-id=\"5\">\n<div class=\"screen-reader-response\"><p role=\"status\" aria-live=\"polite\" aria-atomic=\"true\"><\/p> <ul><\/ul><\/div>\n<form action=\"\/index.php?rest_route=%2Fwp%2Fv2%2Fpages%2F2353#wpcf7-f5-o1\" method=\"post\" class=\"wpcf7-form init\" aria-label=\"Formulaire de contact\" novalidate=\"novalidate\" data-status=\"init\">\n<fieldset class=\"hidden-fields-container\"><input type=\"hidden\" name=\"_wpcf7\" value=\"5\" \/><input type=\"hidden\" name=\"_wpcf7_version\" value=\"6.1.3\" \/><input type=\"hidden\" name=\"_wpcf7_locale\" value=\"fr_FR\" \/><input type=\"hidden\" name=\"_wpcf7_unit_tag\" value=\"wpcf7-f5-o1\" \/><input type=\"hidden\" name=\"_wpcf7_container_post\" value=\"0\" \/><input type=\"hidden\" name=\"_wpcf7_posted_data_hash\" value=\"\" \/>\n<\/fieldset>\n<p><label class=\"col-md-6\"> <span class=\"text\">Nom<\/span><br \/>\n<span class=\"wpcf7-form-control-wrap\" data-name=\"nom\"><input size=\"40\" maxlength=\"400\" class=\"wpcf7-form-control wpcf7-text wpcf7-validates-as-required\" aria-required=\"true\" aria-invalid=\"false\" value=\"\" type=\"text\" name=\"nom\" \/><\/span> <\/label>\n<\/p>\n<p><label class=\"col-md-6\"> <span class=\"text\">Pr\u00e9nom<\/span><br \/>\n<span class=\"wpcf7-form-control-wrap\" data-name=\"prenom\"><input size=\"40\" maxlength=\"400\" class=\"wpcf7-form-control wpcf7-text wpcf7-validates-as-required\" aria-required=\"true\" aria-invalid=\"false\" value=\"\" type=\"text\" name=\"prenom\" \/><\/span> <\/label>\n<\/p>\n<p><label class=\"col-md-6\"> <span class=\"text\">E-mail<\/span><br \/>\n<span class=\"wpcf7-form-control-wrap\" data-name=\"your-email\"><input size=\"40\" maxlength=\"400\" class=\"wpcf7-form-control wpcf7-email wpcf7-validates-as-required wpcf7-text wpcf7-validates-as-email\" aria-required=\"true\" aria-invalid=\"false\" value=\"\" type=\"email\" name=\"your-email\" \/><\/span> <\/label>\n<\/p>\n<p><label class=\"col-md-6\"> <span class=\"text\">T\u00e9l\u00e9phone<\/span><br \/>\n<span class=\"wpcf7-form-control-wrap\" data-name=\"tel-35\"><input size=\"40\" maxlength=\"400\" class=\"wpcf7-form-control wpcf7-tel wpcf7-text wpcf7-validates-as-tel\" aria-invalid=\"false\" value=\"\" type=\"tel\" name=\"tel-35\" \/><\/span> <\/label>\n<\/p>\n<p><label class=\"col-md-12\"> <span class=\"text\">Votre message<\/span><br \/>\n<span class=\"wpcf7-form-control-wrap\" data-name=\"your-message\"><textarea cols=\"40\" rows=\"10\" maxlength=\"2000\" class=\"wpcf7-form-control wpcf7-textarea wpcf7-validates-as-required\" aria-required=\"true\" aria-invalid=\"false\" name=\"your-message\"><\/textarea><\/span> <\/label>\n<\/p>\n<div class=\"text-center\">\n\t<p><span class=\"wpcf7-form-control-wrap\" data-name=\"hcap-cf7\">\t\t<input\n\t\t\t\ttype=\"hidden\"\n\t\t\t\tclass=\"hcaptcha-widget-id\"\n\t\t\t\tname=\"hcaptcha-widget-id\"\n\t\t\t\tvalue=\"eyJzb3VyY2UiOlsiY29udGFjdC1mb3JtLTdcL3dwLWNvbnRhY3QtZm9ybS03LnBocCJdLCJmb3JtX2lkIjo1fQ==-b9ea21ede2a1f5dd313e97738e002a54\">\n\t\t\t\t<span id=\"hcap_cf7-6a07a7afc8af22.86458415\" class=\"wpcf7-form-control h-captcha \"\n\t\t\tdata-sitekey=\"811fe56d-dffd-486b-8852-b41d6c36b5e1\"\n\t\t\tdata-theme=\"light\"\n\t\t\tdata-size=\"normal\"\n\t\t\tdata-auto=\"false\"\n\t\t\tdata-ajax=\"false\"\n\t\t\tdata-force=\"false\">\n\t\t<\/span>\n\t\t<input type=\"hidden\" id=\"_wpnonce\" name=\"_wpnonce\" value=\"42bc818be0\" \/><input type=\"hidden\" name=\"_wp_http_referer\" value=\"\/index.php?rest_route=%2Fwp%2Fv2%2Fpages%2F2353\" \/><\/span><input class=\"wpcf7-form-control wpcf7-submit has-spinner\" type=\"submit\" value=\"Envoyer\" \/>\n\t<\/p>\n<\/div><div class=\"wpcf7-response-output\" aria-hidden=\"true\"><\/div>\n<\/form>\n<\/div>\n<\/div>\t\t\t\t<\/div>\n\t\t\t\t<\/div>\n\t\t\t\t<\/div>\n\t\t\t\t\t<\/div>\n\t\t\t\t<\/div>\n\t\t<div class=\"elementor-element elementor-element-26215464 e-flex e-con-boxed e-con e-parent\" data-id=\"26215464\" data-element_type=\"container\">\n\t\t\t\t\t<div class=\"e-con-inner\">\n\t\t<div class=\"elementor-element elementor-element-41795bae e-con-full adv-bg-yes adv-ov-bg-yes e-flex adv-bg-pos-top-left e-con e-child\" data-id=\"41795bae\" data-element_type=\"container\" data-settings=\"{&quot;background_background&quot;:&quot;classic&quot;,&quot;shape_divider_top&quot;:&quot;drops&quot;,&quot;shape_divider_top_negative&quot;:&quot;yes&quot;,&quot;shape_divider_bottom&quot;:&quot;drops&quot;}\">\n\t\t\t\t<div class=\"elementor-shape elementor-shape-top\" aria-hidden=\"true\" data-negative=\"true\">\n\t\t\t<svg xmlns=\"http:\/\/www.w3.org\/2000\/svg\" height=\"100%\" viewBox=\"0 0 283.5 27.8\" preserveAspectRatio=\"xMidYMax slice\">\n\t<path class=\"elementor-shape-fill\" d=\"M282.7 3.4c-2 3.8-2.2 6.6-1.8 10.8.3 3.3 2 8.5.4 11.6-1.4 2.6-4 2.5-5-.2-1.2-3.4.3-7.6.5-11.1.3-4.3-2.9-6.9-7.4-5.8-3.1.7-4.1 3.3-4.3 6.2-.2 2 1.2 8-.1 9.6-3.1 4.3-2.5-4.5-2.5-5.2.1-4-.1-9.6-4.1-11.6-4.5-2.3-6.1 1-5.5 5 .2 1.4 1.5 10.2-2.7 6.9-2.5-1.9.4-7.5-.9-10.3-.8-1.8-2.6-4.2-4.8-4.1-2.4.1-2.7 2.2-4 3.7-3.3 3.8-2.2-1.2-4.8-2.7-5.5-3.1-2 5.6-2.9 7.3-1.4 2.4-3.1.6-3.3-1.3-.1-1.5.5-3.1.4-4.6-.3-4.3-2.9-5.3-5.2-1.2-3.7 6.7-2.8-1.9-6.5-.4-3 1.1-.9 9.2-.6 11.1.7 4.1-2.2 5.2-2.7.8-.4-3.6 2.8-10.2.8-13.4-2.1-3.3-6.7-.1-7.9 2.4-2.1 4.2-.4 8.7 0 13.1.2 2-.8 8.9-3.8 4.8-3.1-4.3 2.5-11.6.2-16.3-1.1-2.2-5.8-3.5-7.2-1-.8 1.4 1 3.4.3 4.8s-2.2 1.2-2.8-.3c-.8-2.1 2.2-4.8-.1-6.5-1.3-.9-3.5.3-4.9.5-2.4-.1-3.3 0-4.5 2-.7 1.2-.4 3-2.3 2.1-1.9-.8-1.7-4.3-4.1-4.9-2.1-.6-4 1.3-5.1 2.9-.9 1.4-1.3 3-1.3 4.6 0 1.9 1.4 4.2.3 6-2.4 4.2-4.2-2.2-3.8-4.4.5-2.9 2-7.7-2.7-7.5-5.2.3-6.1 5.8-6.4 9.8-.1 1.3 1.5 10.4-2 8.4-1.8-1-.5-7.5-.6-9.1-.1-3.5-1.6-8.3-6.3-7.1-7.6 1.9 2.1 18.2-4.8 18.7-3.7.3-2.3-6.2-2-8.1.5-3.1.5-11.4-5.5-8.5-2.2 1.1-1 2.3-1.3 4.3-.2 1.8-1.3 3.2-2.3.8-1.1-2.5.8-6.7-3.9-6.6-8 .1-.7 16.4-4.8 15.8-2.8-.4-1-9.3-1.3-11.3-.6-3.5-3.5-7.8-7.8-6.9-4.4.9-1.4 6.5-1.4 9.1 0 3.1-3.4 5.9-4.4 1.7-.5-2.2.9-4.4.6-6.6-.3-1.9-1.5-4.1-3.2-5.2-5.3-3.4-4.9 5.2-8.1 4.5-1.4-.3-3-8.1-6.1-4.1-.7.9 2 10.3-2.2 8-2-1.1-.1-6.7-.7-8.9-1.8-6.2-4.7 2.3-6.1 3.1-2.9 1.7-4.6-6.2-6.3-.6-.5 1.7-.4 3.7-.2 5.4.2 1.6 1.5 4.6 1 6.1-.6 1.8-1.7 1.7-2.6.3-1-1.6-.4-4.5-.2-6.2.3-2.5 2.4-8.4-.2-10.3-3.1-2.1-6.8 2.1-7.7 4.5-1.5 4.3.3 8.7.5 13 .1 3.2-3 7.5-4.3 2.4-.6-2.4.2-5.1.6-7.4.4-2.3 1.2-6-.1-8.1-1.2-1.9-5.8-2.7-7-.5-.9 1.6 1.2 5.2-.6 5.6-2.4.6-2-2.3-1.8-3.4.3-1.5 1.1-3.2-.4-4.3-1.2-.9-4.7.3-5.9.5-2.4.5-2.5 1.4-3.6 3.3-1.2 2.1-1.4 1.7-3-.1-1.3-1.5-1.7-3.6-4-3.7-1.8-.1-3.4 1.7-4.2 3-1.4 2.2-1.3 4.1-1 6.5.2 1.4 1 3.8-.5 4.9-3.9 2.9-3.2-4.6-2.9-6.3.8-3.9-.4-8.1-5.4-5.6-3.8 1.9-4.1 6.7-4.1 10.5 0 1.6 1.2 5.8-.1 6.9-.8.7-1.8.3-2.4-.5-1.1-1.5.1-6.7 0-8.5-.1-3.5-.9-6.9-4.9-7.4-3.6-.6-6.7 1.2-6.8 4.9-.1 3.9 2 8.2.6 12-.9 2.4-2.9 2.9-4.6.9-2.4-2.8-.4-9 0-12.3.4-4.2.2-7-1.8-10.8C1.1 2.8.6 2.1 0 1.4v26.4h283.5V2.2c-.3.4-.6.8-.8 1.2z\"\/>\n<\/svg>\t\t<\/div>\n\t\t\t\t<div class=\"elementor-shape elementor-shape-bottom\" aria-hidden=\"true\" data-negative=\"false\">\n\t\t\t<svg xmlns=\"http:\/\/www.w3.org\/2000\/svg\" height=\"100%\" viewBox=\"0 0 283.5 27.8\" preserveAspectRatio=\"xMidYMax slice\">\n\t<path class=\"elementor-shape-fill\" d=\"M0 0v1.4c.6.7 1.1 1.4 1.4 2 2 3.8 2.2 6.6 1.8 10.8-.3 3.3-2.4 9.4 0 12.3 1.7 2 3.7 1.4 4.6-.9 1.4-3.8-.7-8.2-.6-12 .1-3.7 3.2-5.5 6.9-4.9 4 .6 4.8 4 4.9 7.4.1 1.8-1.1 7 0 8.5.6.8 1.6 1.2 2.4.5 1.4-1.1.1-5.4.1-6.9.1-3.7.3-8.6 4.1-10.5 5-2.5 6.2 1.6 5.4 5.6-.4 1.7-1 9.2 2.9 6.3 1.5-1.1.7-3.5.5-4.9-.4-2.4-.4-4.3 1-6.5.9-1.4 2.4-3.1 4.2-3 2.4.1 2.7 2.2 4 3.7 1.5 1.8 1.8 2.2 3 .1 1.1-1.9 1.2-2.8 3.6-3.3 1.3-.3 4.8-1.4 5.9-.5 1.5 1.1.6 2.8.4 4.3-.2 1.1-.6 4 1.8 3.4 1.7-.4-.3-4.1.6-5.6 1.3-2.2 5.8-1.4 7 .5 1.3 2.1.5 5.8.1 8.1s-1.2 5-.6 7.4c1.3 5.1 4.4.9 4.3-2.4-.1-4.4-2-8.8-.5-13 .9-2.4 4.6-6.6 7.7-4.5 2.7 1.8.5 7.8.2 10.3-.2 1.7-.8 4.6.2 6.2.9 1.4 2 1.5 2.6-.3.5-1.5-.9-4.5-1-6.1-.2-1.7-.4-3.7.2-5.4 1.8-5.6 3.5 2.4 6.3.6 1.4-.9 4.3-9.4 6.1-3.1.6 2.2-1.3 7.8.7 8.9 4.2 2.3 1.5-7.1 2.2-8 3.1-4 4.7 3.8 6.1 4.1 3.1.7 2.8-7.9 8.1-4.5 1.7 1.1 2.9 3.3 3.2 5.2.4 2.2-1 4.5-.6 6.6 1 4.3 4.4 1.5 4.4-1.7 0-2.7-3-8.3 1.4-9.1 4.4-.9 7.3 3.5 7.8 6.9.3 2-1.5 10.9 1.3 11.3 4.1.6-3.2-15.7 4.8-15.8 4.7-.1 2.8 4.1 3.9 6.6 1 2.4 2.1 1 2.3-.8.3-1.9-.9-3.2 1.3-4.3 5.9-2.9 5.9 5.4 5.5 8.5-.3 2-1.7 8.4 2 8.1 6.9-.5-2.8-16.9 4.8-18.7 4.7-1.2 6.1 3.6 6.3 7.1.1 1.7-1.2 8.1.6 9.1 3.5 2 1.9-7 2-8.4.2-4 1.2-9.6 6.4-9.8 4.7-.2 3.2 4.6 2.7 7.5-.4 2.2 1.3 8.6 3.8 4.4 1.1-1.9-.3-4.1-.3-6 0-1.7.4-3.2 1.3-4.6 1-1.6 2.9-3.5 5.1-2.9 2.5.6 2.3 4.1 4.1 4.9 1.9.8 1.6-.9 2.3-2.1 1.2-2.1 2.1-2.1 4.4-2.4 1.4-.2 3.6-1.5 4.9-.5 2.3 1.7-.7 4.4.1 6.5.6 1.5 2.1 1.7 2.8.3.7-1.4-1.1-3.4-.3-4.8 1.4-2.5 6.2-1.2 7.2 1 2.3 4.8-3.3 12-.2 16.3 3 4.1 3.9-2.8 3.8-4.8-.4-4.3-2.1-8.9 0-13.1 1.3-2.5 5.9-5.7 7.9-2.4 2 3.2-1.3 9.8-.8 13.4.5 4.4 3.5 3.3 2.7-.8-.4-1.9-2.4-10 .6-11.1 3.7-1.4 2.8 7.2 6.5.4 2.2-4.1 4.9-3.1 5.2 1.2.1 1.5-.6 3.1-.4 4.6.2 1.9 1.8 3.7 3.3 1.3 1-1.6-2.6-10.4 2.9-7.3 2.6 1.5 1.6 6.5 4.8 2.7 1.3-1.5 1.7-3.6 4-3.7 2.2-.1 4 2.3 4.8 4.1 1.3 2.9-1.5 8.4.9 10.3 4.2 3.3 3-5.5 2.7-6.9-.6-3.9 1-7.2 5.5-5 4.1 2.1 4.3 7.7 4.1 11.6 0 .8-.6 9.5 2.5 5.2 1.2-1.7-.1-7.7.1-9.6.3-2.9 1.2-5.5 4.3-6.2 4.5-1 7.7 1.5 7.4 5.8-.2 3.5-1.8 7.7-.5 11.1 1 2.7 3.6 2.8 5 .2 1.6-3.1 0-8.3-.4-11.6-.4-4.2-.2-7 1.8-10.8 0 0-.1.1-.1.2-.2.4-.3.7-.4.8v.1c-.1.2-.1.2 0 0v-.1l.4-.8c0-.1.1-.1.1-.2.2-.4.5-.8.8-1.2V0H0zM282.7 3.4z\"\/>\n<\/svg>\t\t<\/div>\n\t\t\t\t<div class=\"elementor-element elementor-element-9e66721 elementor-widget elementor-widget-heading\" data-id=\"9e66721\" data-element_type=\"widget\" data-widget_type=\"heading.default\">\n\t\t\t\t<div class=\"elementor-widget-container\">\n\t\t\t\t\t<h2 class=\"elementor-heading-title elementor-size-default\">Nos horaires<\/h2>\t\t\t\t<\/div>\n\t\t\t\t<\/div>\n\t\t\t\t<div class=\"elementor-element elementor-element-0d093b1 elementor-widget elementor-widget-text-editor\" data-id=\"0d093b1\" data-element_type=\"widget\" data-widget_type=\"text-editor.default\">\n\t\t\t\t<div class=\"elementor-widget-container\">\n\t\t\t\t\t\t\t\t\t<p><a href=\"https:\/\/ludiloisirs.fr\\\/?page_id=42\"><strong>Ludoth\u00e8que :<\/strong><\/a><\/p><p>Lundi : 9h30 \u2013 11h30<\/p><p>Mardi : 9h30 \u2013 11h30 \/ 16h30 \u2013 18h30<\/p><p>Jeudi : 9h30 \u2013 11h30 \/ 16h30 \u2013 18h30<\/p><p>Vendredi : 9h30 \u2013 11h30 \/ 16h30 \u2013 18h30<\/p><p>Samedi : 10h \u2013 18h30<\/p><p>\u00a0<\/p><p><a href=\"https:\/\/ludiloisirs.fr\\\/?page_id=1031\"><strong>Centre de Loisirs :<\/strong><\/a><\/p><p>Les mercredis et Vacances scolaires de 7h30 \u00e0 19h<\/p>\t\t\t\t\t\t\t\t<\/div>\n\t\t\t\t<\/div>\n\t\t\t\t<\/div>\n\t\t\t\t\t<\/div>\n\t\t\t\t<\/div>\n\t\t\t\t<\/div>\n\t\t","protected":false},"excerpt":{"rendered":"<p>27 all\u00e9e des Petits Rois &#8211; 33400 Talence 05.56.84.93.23 contact@ludiloisirs.fr Une question ? N&#8217;h\u00e9sitez pas \u00e0 nous contacter sur nos horaires d&#8217;ouverture ! Sinon, vous pouvez aussi utiliser notre formulaire [&hellip;]<\/p>\n","protected":false},"author":4,"featured_media":0,"parent":0,"menu_order":0,"comment_status":"closed","ping_status":"closed","template":"fullwidth-template.php","meta":{"_acf_changed":false,"footnotes":""},"class_list":["post-2353","page","type-page","status-publish","hentry"],"acf":[],"yoast_head":"<!-- This site is optimized with the Yoast SEO plugin v26.4 - https:\/\/yoast.com\/wordpress\/plugins\/seo\/ -->\n<title>Contacter Ludiloisirs \u2013 Centre de loisirs \u00e0 Talence<\/title>\n<meta name=\"description\" content=\"Besoin d\u2019informations sur Ludiloisirs ? Retrouvez ici nos contacts, horaires, adresse et un formulaire pour nous contacter facilement !\" \/>\n<meta name=\"robots\" content=\"index, follow, max-snippet:-1, max-image-preview:large, max-video-preview:-1\" \/>\n<link rel=\"canonical\" href=\"https:\/\/ludiloisirs.fr\/?page_id=2353\" \/>\n<meta property=\"og:locale\" content=\"fr_FR\" \/>\n<meta property=\"og:type\" content=\"article\" \/>\n<meta property=\"og:title\" content=\"Contacter Ludiloisirs \u2013 Centre de loisirs \u00e0 Talence\" \/>\n<meta property=\"og:description\" content=\"Besoin d\u2019informations sur Ludiloisirs ? Retrouvez ici nos contacts, horaires, adresse et un formulaire pour nous contacter facilement !\" \/>\n<meta property=\"og:url\" content=\"https:\/\/ludiloisirs.fr\/?page_id=2353\" \/>\n<meta property=\"og:site_name\" content=\"Centre Ludiloisirs Talence\" \/>\n<meta property=\"article:modified_time\" content=\"2025-11-27T19:59:02+00:00\" \/>\n<meta property=\"og:image\" content=\"https:\/\/ludiloisirs.fr\/wp-content\/uploads\/2025\/04\/contact-ludiloisirs.png\" \/>\n\t<meta property=\"og:image:width\" content=\"1024\" \/>\n\t<meta property=\"og:image:height\" content=\"1024\" \/>\n\t<meta property=\"og:image:type\" content=\"image\/png\" \/>\n<meta name=\"twitter:card\" content=\"summary_large_image\" \/>\n<meta name=\"twitter:label1\" content=\"Dur\u00e9e de lecture estim\u00e9e\" \/>\n\t<meta name=\"twitter:data1\" content=\"1 minute\" \/>\n<script type=\"application\/ld+json\" class=\"yoast-schema-graph\">{\"@context\":\"https:\/\/schema.org\",\"@graph\":[{\"@type\":\"WebPage\",\"@id\":\"https:\/\/ludiloisirs.fr\/?page_id=2353\",\"url\":\"https:\/\/ludiloisirs.fr\/?page_id=2353\",\"name\":\"Contacter Ludiloisirs \u2013 Centre de loisirs \u00e0 Talence\",\"isPartOf\":{\"@id\":\"https:\/\/ludiloisirs.fr\/#website\"},\"primaryImageOfPage\":{\"@id\":\"https:\/\/ludiloisirs.fr\/?page_id=2353#primaryimage\"},\"image\":{\"@id\":\"https:\/\/ludiloisirs.fr\/?page_id=2353#primaryimage\"},\"thumbnailUrl\":\"https:\/\/ludiloisirs.fr\/wp-content\/uploads\/2025\/04\/contact-ludiloisirs-768x768.png\",\"datePublished\":\"2024-08-13T11:42:25+00:00\",\"dateModified\":\"2025-11-27T19:59:02+00:00\",\"description\":\"Besoin d\u2019informations sur Ludiloisirs ? Retrouvez ici nos contacts, horaires, adresse et un formulaire pour nous contacter facilement !\",\"breadcrumb\":{\"@id\":\"https:\/\/ludiloisirs.fr\/?page_id=2353#breadcrumb\"},\"inLanguage\":\"fr-FR\",\"potentialAction\":[{\"@type\":\"ReadAction\",\"target\":[\"https:\/\/ludiloisirs.fr\/?page_id=2353\"]}]},{\"@type\":\"ImageObject\",\"inLanguage\":\"fr-FR\",\"@id\":\"https:\/\/ludiloisirs.fr\/?page_id=2353#primaryimage\",\"url\":\"https:\/\/ludiloisirs.fr\/wp-content\/uploads\/2025\/04\/contact-ludiloisirs.png\",\"contentUrl\":\"https:\/\/ludiloisirs.fr\/wp-content\/uploads\/2025\/04\/contact-ludiloisirs.png\",\"width\":1024,\"height\":1024},{\"@type\":\"BreadcrumbList\",\"@id\":\"https:\/\/ludiloisirs.fr\/?page_id=2353#breadcrumb\",\"itemListElement\":[{\"@type\":\"ListItem\",\"position\":1,\"name\":\"Accueil\",\"item\":\"https:\/\/ludiloisirs.fr\/\"},{\"@type\":\"ListItem\",\"position\":2,\"name\":\"Contact\"}]},{\"@type\":\"WebSite\",\"@id\":\"https:\/\/ludiloisirs.fr\/#website\",\"url\":\"https:\/\/ludiloisirs.fr\/\",\"name\":\"Centre Ludiloisirs Talence\",\"description\":\"Centre de Loisirs et Ludoth\u00e8que \u00e0 Talence\",\"publisher\":{\"@id\":\"https:\/\/ludiloisirs.fr\/#organization\"},\"potentialAction\":[{\"@type\":\"SearchAction\",\"target\":{\"@type\":\"EntryPoint\",\"urlTemplate\":\"https:\/\/ludiloisirs.fr\/?s={search_term_string}\"},\"query-input\":{\"@type\":\"PropertyValueSpecification\",\"valueRequired\":true,\"valueName\":\"search_term_string\"}}],\"inLanguage\":\"fr-FR\"},{\"@type\":\"Organization\",\"@id\":\"https:\/\/ludiloisirs.fr\/#organization\",\"name\":\"Centre Ludiloisirs Talence\",\"url\":\"https:\/\/ludiloisirs.fr\/\",\"logo\":{\"@type\":\"ImageObject\",\"inLanguage\":\"fr-FR\",\"@id\":\"https:\/\/ludiloisirs.fr\/#\/schema\/logo\/image\/\",\"url\":\"https:\/\/ludiloisirs.fr\/wp-content\/uploads\/2025\/03\/cropped-A7E70F60-removebg-preview.png\",\"contentUrl\":\"https:\/\/ludiloisirs.fr\/wp-content\/uploads\/2025\/03\/cropped-A7E70F60-removebg-preview.png\",\"width\":456,\"height\":547,\"caption\":\"Centre Ludiloisirs Talence\"},\"image\":{\"@id\":\"https:\/\/ludiloisirs.fr\/#\/schema\/logo\/image\/\"}}]}<\/script>\n<!-- \/ Yoast SEO plugin. -->","yoast_head_json":{"title":"Contacter Ludiloisirs \u2013 Centre de loisirs \u00e0 Talence","description":"Besoin d\u2019informations sur Ludiloisirs ? Retrouvez ici nos contacts, horaires, adresse et un formulaire pour nous contacter facilement !","robots":{"index":"index","follow":"follow","max-snippet":"max-snippet:-1","max-image-preview":"max-image-preview:large","max-video-preview":"max-video-preview:-1"},"canonical":"https:\/\/ludiloisirs.fr\/?page_id=2353","og_locale":"fr_FR","og_type":"article","og_title":"Contacter Ludiloisirs \u2013 Centre de loisirs \u00e0 Talence","og_description":"Besoin d\u2019informations sur Ludiloisirs ? Retrouvez ici nos contacts, horaires, adresse et un formulaire pour nous contacter facilement !","og_url":"https:\/\/ludiloisirs.fr\/?page_id=2353","og_site_name":"Centre Ludiloisirs Talence","article_modified_time":"2025-11-27T19:59:02+00:00","og_image":[{"width":1024,"height":1024,"url":"https:\/\/ludiloisirs.fr\/wp-content\/uploads\/2025\/04\/contact-ludiloisirs.png","type":"image\/png"}],"twitter_card":"summary_large_image","twitter_misc":{"Dur\u00e9e de lecture estim\u00e9e":"1 minute"},"schema":{"@context":"https:\/\/schema.org","@graph":[{"@type":"WebPage","@id":"https:\/\/ludiloisirs.fr\/?page_id=2353","url":"https:\/\/ludiloisirs.fr\/?page_id=2353","name":"Contacter Ludiloisirs \u2013 Centre de loisirs \u00e0 Talence","isPartOf":{"@id":"https:\/\/ludiloisirs.fr\/#website"},"primaryImageOfPage":{"@id":"https:\/\/ludiloisirs.fr\/?page_id=2353#primaryimage"},"image":{"@id":"https:\/\/ludiloisirs.fr\/?page_id=2353#primaryimage"},"thumbnailUrl":"https:\/\/ludiloisirs.fr\/wp-content\/uploads\/2025\/04\/contact-ludiloisirs-768x768.png","datePublished":"2024-08-13T11:42:25+00:00","dateModified":"2025-11-27T19:59:02+00:00","description":"Besoin d\u2019informations sur Ludiloisirs ? Retrouvez ici nos contacts, horaires, adresse et un formulaire pour nous contacter facilement !","breadcrumb":{"@id":"https:\/\/ludiloisirs.fr\/?page_id=2353#breadcrumb"},"inLanguage":"fr-FR","potentialAction":[{"@type":"ReadAction","target":["https:\/\/ludiloisirs.fr\/?page_id=2353"]}]},{"@type":"ImageObject","inLanguage":"fr-FR","@id":"https:\/\/ludiloisirs.fr\/?page_id=2353#primaryimage","url":"https:\/\/ludiloisirs.fr\/wp-content\/uploads\/2025\/04\/contact-ludiloisirs.png","contentUrl":"https:\/\/ludiloisirs.fr\/wp-content\/uploads\/2025\/04\/contact-ludiloisirs.png","width":1024,"height":1024},{"@type":"BreadcrumbList","@id":"https:\/\/ludiloisirs.fr\/?page_id=2353#breadcrumb","itemListElement":[{"@type":"ListItem","position":1,"name":"Accueil","item":"https:\/\/ludiloisirs.fr\/"},{"@type":"ListItem","position":2,"name":"Contact"}]},{"@type":"WebSite","@id":"https:\/\/ludiloisirs.fr\/#website","url":"https:\/\/ludiloisirs.fr\/","name":"Centre Ludiloisirs Talence","description":"Centre de Loisirs et Ludoth\u00e8que \u00e0 Talence","publisher":{"@id":"https:\/\/ludiloisirs.fr\/#organization"},"potentialAction":[{"@type":"SearchAction","target":{"@type":"EntryPoint","urlTemplate":"https:\/\/ludiloisirs.fr\/?s={search_term_string}"},"query-input":{"@type":"PropertyValueSpecification","valueRequired":true,"valueName":"search_term_string"}}],"inLanguage":"fr-FR"},{"@type":"Organization","@id":"https:\/\/ludiloisirs.fr\/#organization","name":"Centre Ludiloisirs Talence","url":"https:\/\/ludiloisirs.fr\/","logo":{"@type":"ImageObject","inLanguage":"fr-FR","@id":"https:\/\/ludiloisirs.fr\/#\/schema\/logo\/image\/","url":"https:\/\/ludiloisirs.fr\/wp-content\/uploads\/2025\/03\/cropped-A7E70F60-removebg-preview.png","contentUrl":"https:\/\/ludiloisirs.fr\/wp-content\/uploads\/2025\/03\/cropped-A7E70F60-removebg-preview.png","width":456,"height":547,"caption":"Centre Ludiloisirs Talence"},"image":{"@id":"https:\/\/ludiloisirs.fr\/#\/schema\/logo\/image\/"}}]}},"_links":{"self":[{"href":"https:\/\/ludiloisirs.fr\/index.php?rest_route=\/wp\/v2\/pages\/2353","targetHints":{"allow":["GET"]}}],"collection":[{"href":"https:\/\/ludiloisirs.fr\/index.php?rest_route=\/wp\/v2\/pages"}],"about":[{"href":"https:\/\/ludiloisirs.fr\/index.php?rest_route=\/wp\/v2\/types\/page"}],"author":[{"embeddable":true,"href":"https:\/\/ludiloisirs.fr\/index.php?rest_route=\/wp\/v2\/users\/4"}],"replies":[{"embeddable":true,"href":"https:\/\/ludiloisirs.fr\/index.php?rest_route=%2Fwp%2Fv2%2Fcomments&post=2353"}],"version-history":[{"count":33,"href":"https:\/\/ludiloisirs.fr\/index.php?rest_route=\/wp\/v2\/pages\/2353\/revisions"}],"predecessor-version":[{"id":3215,"href":"https:\/\/ludiloisirs.fr\/index.php?rest_route=\/wp\/v2\/pages\/2353\/revisions\/3215"}],"wp:attachment":[{"href":"https:\/\/ludiloisirs.fr\/index.php?rest_route=%2Fwp%2Fv2%2Fmedia&parent=2353"}],"curies":[{"name":"wp","href":"https:\/\/api.w.org\/{rel}","templated":true}]}}